{"id":907,"date":"2025-06-26T10:11:02","date_gmt":"2025-06-26T08:11:02","guid":{"rendered":"https:\/\/www.apartments-lipa.at\/impressum\/"},"modified":"2025-06-30T16:21:49","modified_gmt":"2025-06-30T14:21:49","slug":"impressum","status":"publish","type":"page","link":"https:\/\/www.apartments-lipa.at\/hr\/impressum\/","title":{"rendered":"Imprint"},"content":{"rendered":"\n<p>Obveza informiranja prema \u010dlanku 5. Zakona o elektroni\u010dkoj trgovini, \u010dlanku 14. Trgova\u010dkog zakona, \u010dlanku 63. Trgova\u010dkog pravilnika i obveza objavljivanja prema \u010dlanku 25. Zakona o medijima.<\/p>\n\n<p>Patrick Uhlir<\/p>\n\n<p>Leopold-Figl-Stra\u00dfe 11,<br\/>2361 Laxenburg,<br\/>Austrija<\/p>\n\n<p>E-po\u0161ta: apartmentslipa@outlook.com<\/p>\n","protected":false},"excerpt":{"rendered":"<p>Obveza informiranja prema \u010dlanku 5. Zakona o elektroni\u010dkoj trgovini, \u010dlanku 14. Trgova\u010dkog zakona, \u010dlanku 63. Trgova\u010dkog pravilnika i obveza objavljivanja prema \u010dlanku 25. Zakona o medijima. Patrick Uhlir Leopold-Figl-Stra\u00dfe 11,2361 Laxenburg,Austrija E-po\u0161ta: apartmentslipa@outlook.com<\/p>\n","protected":false},"author":1,"featured_media":0,"parent":0,"menu_order":0,"comment_status":"closed","ping_status":"closed","template":"","meta":{"_acf_changed":false,"footnotes":""},"class_list":["post-907","page","type-page","status-publish","hentry"],"acf":[],"_links":{"self":[{"href":"https:\/\/www.apartments-lipa.at\/hr\/wp-json\/wp\/v2\/pages\/907","targetHints":{"allow":["GET"]}}],"collection":[{"href":"https:\/\/www.apartments-lipa.at\/hr\/wp-json\/wp\/v2\/pages"}],"about":[{"href":"https:\/\/www.apartments-lipa.at\/hr\/wp-json\/wp\/v2\/types\/page"}],"author":[{"embeddable":true,"href":"https:\/\/www.apartments-lipa.at\/hr\/wp-json\/wp\/v2\/users\/1"}],"replies":[{"embeddable":true,"href":"https:\/\/www.apartments-lipa.at\/hr\/wp-json\/wp\/v2\/comments?post=907"}],"version-history":[{"count":4,"href":"https:\/\/www.apartments-lipa.at\/hr\/wp-json\/wp\/v2\/pages\/907\/revisions"}],"predecessor-version":[{"id":945,"href":"https:\/\/www.apartments-lipa.at\/hr\/wp-json\/wp\/v2\/pages\/907\/revisions\/945"}],"wp:attachment":[{"href":"https:\/\/www.apartments-lipa.at\/hr\/wp-json\/wp\/v2\/media?parent=907"}],"curies":[{"name":"wp","href":"https:\/\/api.w.org\/{rel}","templated":true}]}}