{"id":931,"date":"2025-06-13T08:47:58","date_gmt":"2025-06-13T06:47:58","guid":{"rendered":"https:\/\/www.apartments-lipa.at\/cjenik\/"},"modified":"2026-02-12T12:34:54","modified_gmt":"2026-02-12T11:34:54","slug":"cjenik","status":"publish","type":"page","link":"https:\/\/www.apartments-lipa.at\/hr\/cjenik\/","title":{"rendered":"Cjenik"},"content":{"rendered":"\t\t<div data-elementor-type=\"wp-page\" data-elementor-id=\"931\" class=\"elementor elementor-931 elementor-40\" data-elementor-post-type=\"page\">\n\t\t\t\t<div class=\"elementor-element elementor-element-377c5a7 e-flex e-con-boxed e-con e-parent\" data-id=\"377c5a7\" data-element_type=\"container\" data-e-type=\"container\">\n\t\t\t\t\t<div class=\"e-con-inner\">\n\t\t\t\t<div class=\"elementor-element elementor-element-f245c20 elementor-widget elementor-widget-tablepress-table\" data-id=\"f245c20\" data-element_type=\"widget\" data-e-type=\"widget\" data-widget_type=\"tablepress-table.default\">\n\t\t\t\t\t\n<table id=\"tablepress-3\" class=\"tablepress tablepress-id-3\">\n<thead>\n<tr class=\"row-1\">\n\t<th class=\"column-1\"><strong>Sezona<\/strong><\/th><th class=\"column-2\"><strong>Mjeseci<\/strong><\/th><th class=\"column-3\"><strong>Apartman \u2013 Vintage<\/strong><\/th><th class=\"column-4\"><strong>Apartman \u2013 Top #1<\/strong><\/th><th class=\"column-5\"><strong>Apartman \u2013 Top #2<\/strong><\/th>\n<\/tr>\n<\/thead>\n<tbody class=\"row-striping row-hover\">\n<tr class=\"row-2\">\n\t<td class=\"column-1\"><strong>Predsezona<\/strong><\/td><td class=\"column-2\">Svibanj<\/td><td class=\"column-3\">\u20ac 80,00<\/td><td class=\"column-4\">\u20ac 80,00<\/td><td class=\"column-5\">\u20ac 80,00<\/td>\n<\/tr>\n<tr class=\"row-3\">\n\t<td class=\"column-1\"><strong>Predsezona<\/strong><\/td><td class=\"column-2\">Lipanj<\/td><td class=\"column-3\">\u20ac 100,00<\/td><td class=\"column-4\">\u20ac 100,00<\/td><td class=\"column-5\">\u20ac 100,00<\/td>\n<\/tr>\n<tr class=\"row-4\">\n\t<td class=\"column-1\"><strong>Glavna sezona<\/strong><\/td><td class=\"column-2\">Srpanj \/ Kolovoz<\/td><td class=\"column-3\">\u20ac 120,00<\/td><td class=\"column-4\">\u20ac 120,00<\/td><td class=\"column-5\">\u20ac 120,00<\/td>\n<\/tr>\n<tr class=\"row-5\">\n\t<td class=\"column-1\"><strong>Posezona<\/strong><\/td><td class=\"column-2\">Rujan<\/td><td class=\"column-3\">\u20ac 100,00<\/td><td class=\"column-4\">\u20ac 100,00<\/td><td class=\"column-5\">\u20ac 100,00<\/td>\n<\/tr>\n<tr class=\"row-6\">\n\t<td class=\"column-1\"><strong>Posezona<\/strong><\/td><td class=\"column-2\">Listopad<\/td><td class=\"column-3\">\u20ac 80,00<\/td><td class=\"column-4\">\u20ac 80,00<\/td><td class=\"column-5\">\u20ac 80,00<\/td>\n<\/tr>\n<\/tbody>\n<\/table>\n<!-- #tablepress-3 from cache -->\t\t\t\t<\/div>\n\t\t\t\t<div class=\"elementor-element elementor-element-6812d0d elementor-widget elementor-widget-text-editor\" data-id=\"6812d0d\" data-element_type=\"widget\" data-e-type=\"widget\" data-widget_type=\"text-editor.default\">\n\t\t\t\t<div class=\"elementor-widget-container\">\n\t\t\t\t\t\t\t\t\t<p><strong>Cijene po no\u0107enju \/ apartmanu<\/strong> uklju\u010duju klimatizaciju, posteljinu, ru\u010dnike, kuhinjske ure\u0111aje, boravi\u0161nu pristojbu i zavr\u0161no \u010di\u0161\u0107enje <\/p><p><strong>Predujam:<\/strong> 30% ukupnog iznosa unaprijed. Ostatak pla\u0107anja pri dolasku. <\/p><p><strong>Otkazivanje:<\/strong> do 1 mjesec prije po\u010detka odmora napla\u0107ujemo 30% cijene putovanja (predujam).<\/p>\t\t\t\t\t\t\t\t<\/div>\n\t\t\t\t<\/div>\n\t\t\t\t\t<\/div>\n\t\t\t\t<\/div>\n\t\t\t\t<\/div>\n\t\t","protected":false},"excerpt":{"rendered":"<p>Ovdje mo\u017eete prona\u0107i na\u0161e aktualne cijene za va\u0161 boravak u Apartments L.I.P.A.<br \/>\nSve cijene ovise o sezoni i odnose se na no\u0107enje i apartman.<br \/>\nTransparentnost nam je va\u017ena \u2013 zato na prvi pogled vidite koliko va\u0161 odmor ko\u0161ta.<\/p>\n","protected":false},"author":1,"featured_media":0,"parent":0,"menu_order":0,"comment_status":"closed","ping_status":"closed","template":"","meta":{"_acf_changed":false,"footnotes":""},"class_list":["post-931","page","type-page","status-publish","hentry"],"acf":[],"_links":{"self":[{"href":"https:\/\/www.apartments-lipa.at\/hr\/wp-json\/wp\/v2\/pages\/931","targetHints":{"allow":["GET"]}}],"collection":[{"href":"https:\/\/www.apartments-lipa.at\/hr\/wp-json\/wp\/v2\/pages"}],"about":[{"href":"https:\/\/www.apartments-lipa.at\/hr\/wp-json\/wp\/v2\/types\/page"}],"author":[{"embeddable":true,"href":"https:\/\/www.apartments-lipa.at\/hr\/wp-json\/wp\/v2\/users\/1"}],"replies":[{"embeddable":true,"href":"https:\/\/www.apartments-lipa.at\/hr\/wp-json\/wp\/v2\/comments?post=931"}],"version-history":[{"count":6,"href":"https:\/\/www.apartments-lipa.at\/hr\/wp-json\/wp\/v2\/pages\/931\/revisions"}],"predecessor-version":[{"id":1253,"href":"https:\/\/www.apartments-lipa.at\/hr\/wp-json\/wp\/v2\/pages\/931\/revisions\/1253"}],"wp:attachment":[{"href":"https:\/\/www.apartments-lipa.at\/hr\/wp-json\/wp\/v2\/media?parent=931"}],"curies":[{"name":"wp","href":"https:\/\/api.w.org\/{rel}","templated":true}]}}