{"id":1000,"date":"2025-06-26T10:11:02","date_gmt":"2025-06-26T08:11:02","guid":{"rendered":"https:\/\/www.apartments-lipa.at\/impressum\/"},"modified":"2025-07-01T11:08:12","modified_gmt":"2025-07-01T09:08:12","slug":"impressum","status":"publish","type":"page","link":"https:\/\/www.apartments-lipa.at\/sk\/impressum\/","title":{"rendered":"Impressum"},"content":{"rendered":"\n<p>Povinn\u00e9 inform\u00e1cie pod\u013ea \u00a7 5 z\u00e1kona o elektronickom obchode, \u00a7 14 obchodn\u00e9ho z\u00e1konn\u00edka, \u00a7 63 \u017eivnostensk\u00e9ho z\u00e1kona a povinnos\u0165 zverejnenia pod\u013ea \u00a7 25 z\u00e1kona o m\u00e9di\u00e1ch.<\/p>\n\n<p>Patrick Uhlir<\/p>\n\n<p>Leopold-Figl-Stra\u00dfe 11,<br\/>2361 Laxenburg,<br\/>\u00d6sterreich<\/p>\n\n<p>E-Mail: apartmentslipa@outlook.com<\/p>\n","protected":false},"excerpt":{"rendered":"<p>Povinn\u00e9 inform\u00e1cie pod\u013ea \u00a7 5 z\u00e1kona o elektronickom obchode, \u00a7 14 obchodn\u00e9ho z\u00e1konn\u00edka, \u00a7 63 \u017eivnostensk\u00e9ho z\u00e1kona a povinnos\u0165 zverejnenia pod\u013ea \u00a7 25 z\u00e1kona o m\u00e9di\u00e1ch. Patrick Uhlir Leopold-Figl-Stra\u00dfe 11,2361 Laxenburg,\u00d6sterreich E-Mail: apartmentslipa@outlook.com<\/p>\n","protected":false},"author":1,"featured_media":0,"parent":0,"menu_order":0,"comment_status":"closed","ping_status":"closed","template":"","meta":{"_acf_changed":false,"footnotes":""},"class_list":["post-1000","page","type-page","status-publish","hentry"],"acf":[],"_links":{"self":[{"href":"https:\/\/www.apartments-lipa.at\/sk\/wp-json\/wp\/v2\/pages\/1000","targetHints":{"allow":["GET"]}}],"collection":[{"href":"https:\/\/www.apartments-lipa.at\/sk\/wp-json\/wp\/v2\/pages"}],"about":[{"href":"https:\/\/www.apartments-lipa.at\/sk\/wp-json\/wp\/v2\/types\/page"}],"author":[{"embeddable":true,"href":"https:\/\/www.apartments-lipa.at\/sk\/wp-json\/wp\/v2\/users\/1"}],"replies":[{"embeddable":true,"href":"https:\/\/www.apartments-lipa.at\/sk\/wp-json\/wp\/v2\/comments?post=1000"}],"version-history":[{"count":1,"href":"https:\/\/www.apartments-lipa.at\/sk\/wp-json\/wp\/v2\/pages\/1000\/revisions"}],"predecessor-version":[{"id":1001,"href":"https:\/\/www.apartments-lipa.at\/sk\/wp-json\/wp\/v2\/pages\/1000\/revisions\/1001"}],"wp:attachment":[{"href":"https:\/\/www.apartments-lipa.at\/sk\/wp-json\/wp\/v2\/media?parent=1000"}],"curies":[{"name":"wp","href":"https:\/\/api.w.org\/{rel}","templated":true}]}}