{"id":1004,"date":"2025-06-13T08:47:58","date_gmt":"2025-06-13T06:47:58","guid":{"rendered":"https:\/\/www.apartments-lipa.at\/cennik\/"},"modified":"2026-02-12T12:36:54","modified_gmt":"2026-02-12T11:36:54","slug":"cennik","status":"publish","type":"page","link":"https:\/\/www.apartments-lipa.at\/sk\/cennik\/","title":{"rendered":"Cenn\u00edk"},"content":{"rendered":"\t\t<div data-elementor-type=\"wp-page\" data-elementor-id=\"1004\" class=\"elementor elementor-1004 elementor-40\" data-elementor-post-type=\"page\">\n\t\t\t\t<div class=\"elementor-element elementor-element-377c5a7 e-flex e-con-boxed e-con e-parent\" data-id=\"377c5a7\" data-element_type=\"container\" data-e-type=\"container\">\n\t\t\t\t\t<div class=\"e-con-inner\">\n\t\t\t\t<div class=\"elementor-element elementor-element-f245c20 elementor-widget elementor-widget-tablepress-table\" data-id=\"f245c20\" data-element_type=\"widget\" data-e-type=\"widget\" data-widget_type=\"tablepress-table.default\">\n\t\t\t\t\t\n<table id=\"tablepress-2\" class=\"tablepress tablepress-id-2\">\n<thead>\n<tr class=\"row-1\">\n\t<th class=\"column-1\"><strong>Sez\u00f3na<\/strong><\/th><th class=\"column-2\"><strong>Mesiace<\/strong><\/th><th class=\"column-3\"><strong>Apartm\u00e1n \u2013 Vintage<\/strong><\/th><th class=\"column-4\"><strong>Apartm\u00e1n \u2013 Top #1<\/strong><\/th><th class=\"column-5\"><strong>Apartm\u00e1n \u2013 Top #2<\/strong><\/th>\n<\/tr>\n<\/thead>\n<tbody class=\"row-striping row-hover\">\n<tr class=\"row-2\">\n\t<td class=\"column-1\"><strong>Predsez\u00f3na<\/strong><\/td><td class=\"column-2\">M\u00e1j<\/td><td class=\"column-3\">\u20ac 80,00<\/td><td class=\"column-4\">\u20ac 80,00<\/td><td class=\"column-5\">\u20ac 80,00<\/td>\n<\/tr>\n<tr class=\"row-3\">\n\t<td class=\"column-1\"><strong>Predsez\u00f3na<\/strong><\/td><td class=\"column-2\">J\u00fan<\/td><td class=\"column-3\">\u20ac 100,00<\/td><td class=\"column-4\">\u20ac 100,00<\/td><td class=\"column-5\">\u20ac 100,00<\/td>\n<\/tr>\n<tr class=\"row-4\">\n\t<td class=\"column-1\"><strong>Hlavn\u00e1 sez\u00f3na<\/strong><\/td><td class=\"column-2\">J\u00fal \/ August<\/td><td class=\"column-3\">\u20ac 120,00<\/td><td class=\"column-4\">\u20ac 120,00<\/td><td class=\"column-5\">\u20ac 120,00<\/td>\n<\/tr>\n<tr class=\"row-5\">\n\t<td class=\"column-1\"><strong>Posez\u00f3na<\/strong><\/td><td class=\"column-2\">September<\/td><td class=\"column-3\">\u20ac 100,00<\/td><td class=\"column-4\">\u20ac 100,00<\/td><td class=\"column-5\">\u20ac 100,00<\/td>\n<\/tr>\n<tr class=\"row-6\">\n\t<td class=\"column-1\"><strong>Posez\u00f3na<\/strong><\/td><td class=\"column-2\">Okt\u00f3ber<\/td><td class=\"column-3\">\u20ac 80,00<\/td><td class=\"column-4\">\u20ac 80,00<\/td><td class=\"column-5\">\u20ac 80,00<\/td>\n<\/tr>\n<\/tbody>\n<\/table>\n<!-- #tablepress-2 from cache -->\t\t\t\t<\/div>\n\t\t\t\t<div class=\"elementor-element elementor-element-6812d0d elementor-widget elementor-widget-text-editor\" data-id=\"6812d0d\" data-element_type=\"widget\" data-e-type=\"widget\" data-widget_type=\"text-editor.default\">\n\t\t\t\t<div class=\"elementor-widget-container\">\n\t\t\t\t\t\t\t\t\t<p><strong>Ceny za noc \/ apartm\u00e1n<\/strong> vr\u00e1tane Klimatiz\u00e1cia, poste\u013en\u00e1 bielize\u0148, uter\u00e1ky, kuchynsk\u00e9 spotrebi\u010de, miestny poplatok a z\u00e1vere\u010dn\u00e9 upratovanie<\/p><p><strong>Z\u00e1loha<\/strong>: 30 % z celkovej sumy vopred. Zostatok platby pri pr\u00edchode.<\/p><p><strong>Stornovanie<\/strong>: do 1 mesiaca pred za\u010diatkom dovolenky \u00fa\u010dtujeme 30 % z cestovnej ceny (z\u00e1lohy).<\/p>\t\t\t\t\t\t\t\t<\/div>\n\t\t\t\t<\/div>\n\t\t\t\t\t<\/div>\n\t\t\t\t<\/div>\n\t\t\t\t<\/div>\n\t\t","protected":false},"excerpt":{"rendered":"<p>Tu n\u00e1jdete na\u0161e aktu\u00e1lne ceny za v\u00e1\u0161 pobyt v apartm\u00e1noch L.I.P.A.<br \/>\nV\u0161etky ceny s\u00fa z\u00e1visl\u00e9 od sez\u00f3ny a platia za noc a apartm\u00e1n.<br \/>\nTransparentnos\u0165 je pre n\u00e1s d\u00f4le\u017eit\u00e1 \u2013 preto m\u00e1te na prv\u00fd poh\u013ead preh\u013ead, \u010do v\u00e1s v\u00e1\u0161 pobyt bude st\u00e1\u0165.<\/p>\n","protected":false},"author":1,"featured_media":0,"parent":0,"menu_order":0,"comment_status":"closed","ping_status":"closed","template":"","meta":{"_acf_changed":false,"footnotes":""},"class_list":["post-1004","page","type-page","status-publish","hentry"],"acf":[],"_links":{"self":[{"href":"https:\/\/www.apartments-lipa.at\/sk\/wp-json\/wp\/v2\/pages\/1004","targetHints":{"allow":["GET"]}}],"collection":[{"href":"https:\/\/www.apartments-lipa.at\/sk\/wp-json\/wp\/v2\/pages"}],"about":[{"href":"https:\/\/www.apartments-lipa.at\/sk\/wp-json\/wp\/v2\/types\/page"}],"author":[{"embeddable":true,"href":"https:\/\/www.apartments-lipa.at\/sk\/wp-json\/wp\/v2\/users\/1"}],"replies":[{"embeddable":true,"href":"https:\/\/www.apartments-lipa.at\/sk\/wp-json\/wp\/v2\/comments?post=1004"}],"version-history":[{"count":4,"href":"https:\/\/www.apartments-lipa.at\/sk\/wp-json\/wp\/v2\/pages\/1004\/revisions"}],"predecessor-version":[{"id":1089,"href":"https:\/\/www.apartments-lipa.at\/sk\/wp-json\/wp\/v2\/pages\/1004\/revisions\/1089"}],"wp:attachment":[{"href":"https:\/\/www.apartments-lipa.at\/sk\/wp-json\/wp\/v2\/media?parent=1004"}],"curies":[{"name":"wp","href":"https:\/\/api.w.org\/{rel}","templated":true}]}}